{"id":9691,"date":"2020-02-02T14:02:46","date_gmt":"2020-02-02T14:02:46","guid":{"rendered":"https:\/\/www.kyramint.com\/?post_type=product&#038;p=9691"},"modified":"2020-08-27T12:48:39","modified_gmt":"2020-08-27T12:48:39","slug":"neolithic-quartz-button-sfibrm9","status":"publish","type":"product","link":"https:\/\/www.kyramint.com\/en\/product\/neolithic-quartz-button-sfibrm9\/","title":{"rendered":"Neolithic  Quartz  Button (sfibrm9)"},"content":{"rendered":"<table style=\"height: 269px;\" width=\"197\">\n<tbody>\n<tr>\n<td width=\"182\">Quartz Button<\/td>\n<\/tr>\n<tr>\n<td>Neolithic (-9000 to -1000)<\/td>\n<\/tr>\n<tr>\n<td>(Mauritania)<\/td>\n<\/tr>\n<tr>\n<td>made from quartz mineral<\/td>\n<\/tr>\n<tr>\n<td>w : 6 g<\/td>\n<\/tr>\n<tr>\n<td>h : 15 mm<\/td>\n<\/tr>\n<tr>\n<td>L : 25 mm<\/td>\n<\/tr>\n<tr>\n<td>l : 9 mm<\/td>\n<\/tr>\n<tr>\n<td>\u00f8 biconic hole : 2&#215;8 mm<\/td>\n<\/tr>\n<\/tbody>\n<\/table>\n","protected":false},"excerpt":{"rendered":"<p>Quartz Button Neolithic (-9000 to -1000) (Mauritania) made from quartz mineral w : 6 g h : 15 mm L : 25 mm l : 9 mm \u00f8 biconic hole : 2&#215;8 mm<\/p>\n","protected":false},"featured_media":9693,"template":"","meta":[],"product_brand":[],"product_cat":[419,416],"product_tag":[446,455,461],"class_list":{"0":"post-9691","1":"product","2":"type-product","3":"status-publish","4":"has-post-thumbnail","6":"product_cat-fibula-beads-buttons","7":"product_cat-specialties","8":"product_tag-fibula","9":"product_tag-neolithic-en","10":"product_tag-quartz-en","12":"first","13":"instock","14":"sold-individually","15":"shipping-taxable","16":"purchasable","17":"product-type-simple"},"yoast_head":"<!-- This site is optimized with the Yoast SEO plugin v27.4 - https:\/\/yoast.com\/product\/yoast-seo-wordpress\/ -->\n<title>Perles Anciennes - Perles N\u00e9olithiques - Kyra Mint<\/title>\n<meta name=\"description\" content=\"Depuis 2002, Kyra Mint: professionnel ou amateur, une large s\u00e9lection de perles antiques. Achetez en toute s\u00e9curit\u00e9, livraison rapide.\" \/>\n<meta name=\"robots\" content=\"index, follow, max-snippet:-1, max-image-preview:large, max-video-preview:-1\" \/>\n<link rel=\"canonical\" href=\"https:\/\/www.kyramint.com\/en\/product\/neolithic-quartz-button-sfibrm9\/\" \/>\n<meta property=\"og:locale\" content=\"en_US\" \/>\n<meta property=\"og:type\" content=\"article\" \/>\n<meta property=\"og:title\" content=\"Perles Anciennes - Perles N\u00e9olithiques - Kyra Mint\" \/>\n<meta property=\"og:description\" content=\"Depuis 2002, Kyra Mint: professionnel ou amateur, une large s\u00e9lection de perles antiques. Achetez en toute s\u00e9curit\u00e9, livraison rapide.\" \/>\n<meta property=\"og:url\" content=\"https:\/\/www.kyramint.com\/en\/product\/neolithic-quartz-button-sfibrm9\/\" \/>\n<meta property=\"og:site_name\" content=\"Kyra Mint\" \/>\n<meta property=\"article:modified_time\" content=\"2020-08-27T12:48:39+00:00\" \/>\n<meta property=\"og:image\" content=\"https:\/\/www.kyramint.com\/wp-content\/uploads\/2020\/02\/bola-n\u00e9olithique-neolithic-fibula-sfibrm9_DSCN7669.jpg\" \/>\n\t<meta property=\"og:image:width\" content=\"1600\" \/>\n\t<meta property=\"og:image:height\" content=\"1600\" \/>\n\t<meta property=\"og:image:type\" content=\"image\/jpeg\" \/>\n<meta name=\"twitter:card\" content=\"summary_large_image\" \/>\n<script type=\"application\/ld+json\" class=\"yoast-schema-graph\">{\"@context\":\"https:\\\/\\\/schema.org\",\"@graph\":[{\"@type\":\"WebPage\",\"@id\":\"https:\\\/\\\/www.kyramint.com\\\/en\\\/product\\\/neolithic-quartz-button-sfibrm9\\\/\",\"url\":\"https:\\\/\\\/www.kyramint.com\\\/en\\\/product\\\/neolithic-quartz-button-sfibrm9\\\/\",\"name\":\"Perles Anciennes - Perles N\u00e9olithiques - Kyra Mint\",\"isPartOf\":{\"@id\":\"https:\\\/\\\/www.kyramint.com\\\/en\\\/#website\"},\"primaryImageOfPage\":{\"@id\":\"https:\\\/\\\/www.kyramint.com\\\/en\\\/product\\\/neolithic-quartz-button-sfibrm9\\\/#primaryimage\"},\"image\":{\"@id\":\"https:\\\/\\\/www.kyramint.com\\\/en\\\/product\\\/neolithic-quartz-button-sfibrm9\\\/#primaryimage\"},\"thumbnailUrl\":\"https:\\\/\\\/www.kyramint.com\\\/wp-content\\\/uploads\\\/2020\\\/02\\\/bola-n\u00e9olithique-neolithic-fibula-sfibrm9_DSCN7669.jpg\",\"datePublished\":\"2020-02-02T14:02:46+00:00\",\"dateModified\":\"2020-08-27T12:48:39+00:00\",\"description\":\"Depuis 2002, Kyra Mint: professionnel ou amateur, une large s\u00e9lection de perles antiques. Achetez en toute s\u00e9curit\u00e9, livraison rapide.\",\"breadcrumb\":{\"@id\":\"https:\\\/\\\/www.kyramint.com\\\/en\\\/product\\\/neolithic-quartz-button-sfibrm9\\\/#breadcrumb\"},\"inLanguage\":\"en-US\",\"potentialAction\":[{\"@type\":\"ReadAction\",\"target\":[\"https:\\\/\\\/www.kyramint.com\\\/en\\\/product\\\/neolithic-quartz-button-sfibrm9\\\/\"]}]},{\"@type\":\"ImageObject\",\"inLanguage\":\"en-US\",\"@id\":\"https:\\\/\\\/www.kyramint.com\\\/en\\\/product\\\/neolithic-quartz-button-sfibrm9\\\/#primaryimage\",\"url\":\"https:\\\/\\\/www.kyramint.com\\\/wp-content\\\/uploads\\\/2020\\\/02\\\/bola-n\u00e9olithique-neolithic-fibula-sfibrm9_DSCN7669.jpg\",\"contentUrl\":\"https:\\\/\\\/www.kyramint.com\\\/wp-content\\\/uploads\\\/2020\\\/02\\\/bola-n\u00e9olithique-neolithic-fibula-sfibrm9_DSCN7669.jpg\",\"width\":1600,\"height\":1600},{\"@type\":\"BreadcrumbList\",\"@id\":\"https:\\\/\\\/www.kyramint.com\\\/en\\\/product\\\/neolithic-quartz-button-sfibrm9\\\/#breadcrumb\",\"itemListElement\":[{\"@type\":\"ListItem\",\"position\":1,\"name\":\"Accueil\",\"item\":\"https:\\\/\\\/www.kyramint.com\\\/en\\\/\"},{\"@type\":\"ListItem\",\"position\":2,\"name\":\"Shop\",\"item\":\"https:\\\/\\\/www.kyramint.com\\\/en\\\/shop-2\\\/\"},{\"@type\":\"ListItem\",\"position\":3,\"name\":\"SPECIALTIES\",\"item\":\"https:\\\/\\\/www.kyramint.com\\\/en\\\/product-category\\\/specialties\\\/\"},{\"@type\":\"ListItem\",\"position\":4,\"name\":\"Fibula Beads &amp; buttons\",\"item\":\"https:\\\/\\\/www.kyramint.com\\\/en\\\/product-category\\\/specialties\\\/fibula-beads-buttons\\\/\"},{\"@type\":\"ListItem\",\"position\":5,\"name\":\"Neolithic Quartz Button (sfibrm9)\"}]},{\"@type\":\"WebSite\",\"@id\":\"https:\\\/\\\/www.kyramint.com\\\/en\\\/#website\",\"url\":\"https:\\\/\\\/www.kyramint.com\\\/en\\\/\",\"name\":\"Kyra Mint\",\"description\":\"Dealer and Expert in Ancient Beads\",\"publisher\":{\"@id\":\"https:\\\/\\\/www.kyramint.com\\\/en\\\/#organization\"},\"alternateName\":\"KM\",\"potentialAction\":[{\"@type\":\"SearchAction\",\"target\":{\"@type\":\"EntryPoint\",\"urlTemplate\":\"https:\\\/\\\/www.kyramint.com\\\/en\\\/?s={search_term_string}\"},\"query-input\":{\"@type\":\"PropertyValueSpecification\",\"valueRequired\":true,\"valueName\":\"search_term_string\"}}],\"inLanguage\":\"en-US\"},{\"@type\":\"Organization\",\"@id\":\"https:\\\/\\\/www.kyramint.com\\\/en\\\/#organization\",\"name\":\"Kyra Mint\",\"alternateName\":\"KM\",\"url\":\"https:\\\/\\\/www.kyramint.com\\\/en\\\/\",\"logo\":{\"@type\":\"ImageObject\",\"inLanguage\":\"en-US\",\"@id\":\"https:\\\/\\\/www.kyramint.com\\\/en\\\/#\\\/schema\\\/logo\\\/image\\\/\",\"url\":\"https:\\\/\\\/www.kyramint.com\\\/wp-content\\\/uploads\\\/2019\\\/12\\\/Kyra-Mint-1.png\",\"contentUrl\":\"https:\\\/\\\/www.kyramint.com\\\/wp-content\\\/uploads\\\/2019\\\/12\\\/Kyra-Mint-1.png\",\"width\":1280,\"height\":320,\"caption\":\"Kyra Mint\"},\"image\":{\"@id\":\"https:\\\/\\\/www.kyramint.com\\\/en\\\/#\\\/schema\\\/logo\\\/image\\\/\"},\"sameAs\":[\"https:\\\/\\\/www.linkedin.com\\\/in\\\/kyra-mint-2106a5147\"]}]}<\/script>\n<!-- \/ Yoast SEO plugin. -->","yoast_head_json":{"title":"Perles Anciennes - Perles N\u00e9olithiques - Kyra Mint","description":"Depuis 2002, Kyra Mint: professionnel ou amateur, une large s\u00e9lection de perles antiques. Achetez en toute s\u00e9curit\u00e9, livraison rapide.","robots":{"index":"index","follow":"follow","max-snippet":"max-snippet:-1","max-image-preview":"max-image-preview:large","max-video-preview":"max-video-preview:-1"},"canonical":"https:\/\/www.kyramint.com\/en\/product\/neolithic-quartz-button-sfibrm9\/","og_locale":"en_US","og_type":"article","og_title":"Perles Anciennes - Perles N\u00e9olithiques - Kyra Mint","og_description":"Depuis 2002, Kyra Mint: professionnel ou amateur, une large s\u00e9lection de perles antiques. Achetez en toute s\u00e9curit\u00e9, livraison rapide.","og_url":"https:\/\/www.kyramint.com\/en\/product\/neolithic-quartz-button-sfibrm9\/","og_site_name":"Kyra Mint","article_modified_time":"2020-08-27T12:48:39+00:00","og_image":[{"width":1600,"height":1600,"url":"https:\/\/www.kyramint.com\/wp-content\/uploads\/2020\/02\/bola-n\u00e9olithique-neolithic-fibula-sfibrm9_DSCN7669.jpg","type":"image\/jpeg"}],"twitter_card":"summary_large_image","schema":{"@context":"https:\/\/schema.org","@graph":[{"@type":"WebPage","@id":"https:\/\/www.kyramint.com\/en\/product\/neolithic-quartz-button-sfibrm9\/","url":"https:\/\/www.kyramint.com\/en\/product\/neolithic-quartz-button-sfibrm9\/","name":"Perles Anciennes - Perles N\u00e9olithiques - Kyra Mint","isPartOf":{"@id":"https:\/\/www.kyramint.com\/en\/#website"},"primaryImageOfPage":{"@id":"https:\/\/www.kyramint.com\/en\/product\/neolithic-quartz-button-sfibrm9\/#primaryimage"},"image":{"@id":"https:\/\/www.kyramint.com\/en\/product\/neolithic-quartz-button-sfibrm9\/#primaryimage"},"thumbnailUrl":"https:\/\/www.kyramint.com\/wp-content\/uploads\/2020\/02\/bola-n\u00e9olithique-neolithic-fibula-sfibrm9_DSCN7669.jpg","datePublished":"2020-02-02T14:02:46+00:00","dateModified":"2020-08-27T12:48:39+00:00","description":"Depuis 2002, Kyra Mint: professionnel ou amateur, une large s\u00e9lection de perles antiques. Achetez en toute s\u00e9curit\u00e9, livraison rapide.","breadcrumb":{"@id":"https:\/\/www.kyramint.com\/en\/product\/neolithic-quartz-button-sfibrm9\/#breadcrumb"},"inLanguage":"en-US","potentialAction":[{"@type":"ReadAction","target":["https:\/\/www.kyramint.com\/en\/product\/neolithic-quartz-button-sfibrm9\/"]}]},{"@type":"ImageObject","inLanguage":"en-US","@id":"https:\/\/www.kyramint.com\/en\/product\/neolithic-quartz-button-sfibrm9\/#primaryimage","url":"https:\/\/www.kyramint.com\/wp-content\/uploads\/2020\/02\/bola-n\u00e9olithique-neolithic-fibula-sfibrm9_DSCN7669.jpg","contentUrl":"https:\/\/www.kyramint.com\/wp-content\/uploads\/2020\/02\/bola-n\u00e9olithique-neolithic-fibula-sfibrm9_DSCN7669.jpg","width":1600,"height":1600},{"@type":"BreadcrumbList","@id":"https:\/\/www.kyramint.com\/en\/product\/neolithic-quartz-button-sfibrm9\/#breadcrumb","itemListElement":[{"@type":"ListItem","position":1,"name":"Accueil","item":"https:\/\/www.kyramint.com\/en\/"},{"@type":"ListItem","position":2,"name":"Shop","item":"https:\/\/www.kyramint.com\/en\/shop-2\/"},{"@type":"ListItem","position":3,"name":"SPECIALTIES","item":"https:\/\/www.kyramint.com\/en\/product-category\/specialties\/"},{"@type":"ListItem","position":4,"name":"Fibula Beads &amp; buttons","item":"https:\/\/www.kyramint.com\/en\/product-category\/specialties\/fibula-beads-buttons\/"},{"@type":"ListItem","position":5,"name":"Neolithic Quartz Button (sfibrm9)"}]},{"@type":"WebSite","@id":"https:\/\/www.kyramint.com\/en\/#website","url":"https:\/\/www.kyramint.com\/en\/","name":"Kyra Mint","description":"Dealer and Expert in Ancient Beads","publisher":{"@id":"https:\/\/www.kyramint.com\/en\/#organization"},"alternateName":"KM","potentialAction":[{"@type":"SearchAction","target":{"@type":"EntryPoint","urlTemplate":"https:\/\/www.kyramint.com\/en\/?s={search_term_string}"},"query-input":{"@type":"PropertyValueSpecification","valueRequired":true,"valueName":"search_term_string"}}],"inLanguage":"en-US"},{"@type":"Organization","@id":"https:\/\/www.kyramint.com\/en\/#organization","name":"Kyra Mint","alternateName":"KM","url":"https:\/\/www.kyramint.com\/en\/","logo":{"@type":"ImageObject","inLanguage":"en-US","@id":"https:\/\/www.kyramint.com\/en\/#\/schema\/logo\/image\/","url":"https:\/\/www.kyramint.com\/wp-content\/uploads\/2019\/12\/Kyra-Mint-1.png","contentUrl":"https:\/\/www.kyramint.com\/wp-content\/uploads\/2019\/12\/Kyra-Mint-1.png","width":1280,"height":320,"caption":"Kyra Mint"},"image":{"@id":"https:\/\/www.kyramint.com\/en\/#\/schema\/logo\/image\/"},"sameAs":["https:\/\/www.linkedin.com\/in\/kyra-mint-2106a5147"]}]}},"_links":{"self":[{"href":"https:\/\/www.kyramint.com\/en\/wp-json\/wp\/v2\/product\/9691","targetHints":{"allow":["GET"]}}],"collection":[{"href":"https:\/\/www.kyramint.com\/en\/wp-json\/wp\/v2\/product"}],"about":[{"href":"https:\/\/www.kyramint.com\/en\/wp-json\/wp\/v2\/types\/product"}],"wp:featuredmedia":[{"embeddable":true,"href":"https:\/\/www.kyramint.com\/en\/wp-json\/wp\/v2\/media\/9693"}],"wp:attachment":[{"href":"https:\/\/www.kyramint.com\/en\/wp-json\/wp\/v2\/media?parent=9691"}],"wp:term":[{"taxonomy":"product_brand","embeddable":true,"href":"https:\/\/www.kyramint.com\/en\/wp-json\/wp\/v2\/product_brand?post=9691"},{"taxonomy":"product_cat","embeddable":true,"href":"https:\/\/www.kyramint.com\/en\/wp-json\/wp\/v2\/product_cat?post=9691"},{"taxonomy":"product_tag","embeddable":true,"href":"https:\/\/www.kyramint.com\/en\/wp-json\/wp\/v2\/product_tag?post=9691"}],"curies":[{"name":"wp","href":"https:\/\/api.w.org\/{rel}","templated":true}]}}