{"id":5676,"date":"2018-02-17T12:22:15","date_gmt":"2018-02-17T12:22:15","guid":{"rendered":"https:\/\/www.kyramint.com\/product\/neolithic-quartz-pendant-ppnq155\/"},"modified":"2020-11-09T17:40:03","modified_gmt":"2020-11-09T17:40:03","slug":"neolithic-haematoid-quartz-pendant-ppnq155","status":"publish","type":"product","link":"https:\/\/www.kyramint.com\/en\/product\/neolithic-haematoid-quartz-pendant-ppnq155\/","title":{"rendered":"Neolithic Haematoid Quartz Pendant (ppnq155)"},"content":{"rendered":"<table style=\"height: 409px;\" width=\"347\">\n<tbody>\n<tr>\n<td colspan=\"3\" width=\"328\">Pendentif Quartz H\u00e9mato\u00efde N\u00e9olithique (ppnq155)<\/td>\n<\/tr>\n<tr>\n<td colspan=\"3\">Neolithic Haematoid Quartz Pendant<\/td>\n<\/tr>\n<tr>\n<td colspan=\"3\">-6000 \u00e0 -1000<\/td>\n<\/tr>\n<tr>\n<td colspan=\"3\">Mauritanie \/ Mauritania<\/td>\n<\/tr>\n<tr>\n<td colspan=\"3\"><\/td>\n<\/tr>\n<tr>\n<td>Fran\u00e7ais<\/td>\n<td>English<\/td>\n<td><\/td>\n<\/tr>\n<tr>\n<td>W<\/td>\n<td>w<\/td>\n<td>9 g<\/td>\n<\/tr>\n<tr>\n<td>\u00d8<\/td>\n<td>\u00d8<\/td>\n<td>21 mm<\/td>\n<\/tr>\n<tr>\n<td>t<\/td>\n<td>t<\/td>\n<td>16 mm<\/td>\n<\/tr>\n<tr>\n<td>L<\/td>\n<td>L<\/td>\n<td> mm<\/td>\n<\/tr>\n<tr>\n<td>l<\/td>\n<td>l<\/td>\n<td> mm<\/td>\n<\/tr>\n<tr>\n<td>h<\/td>\n<td>h<\/td>\n<td> mm<\/td>\n<\/tr>\n<tr>\n<td>hole \u00f8<\/td>\n<td>\u00f8 hole<\/td>\n<td>3 mm<\/td>\n<\/tr>\n<tr>\n<td><\/td>\n<td><\/td>\n<td><\/td>\n<\/tr>\n<\/tbody>\n<\/table>\n","protected":false},"excerpt":{"rendered":"<p>Pendentif Quartz H\u00e9mato\u00efde N\u00e9olithique (ppnq155) Neolithic Haematoid Quartz Pendant -6000 \u00e0 -1000 Mauritanie \/ Mauritania Fran\u00e7ais English W w 9 g \u00d8 \u00d8 21 mm t t 16 mm L L mm l l mm h h mm hole \u00f8 \u00f8 hole 3 mm<\/p>\n","protected":false},"featured_media":5675,"template":"","meta":[],"product_brand":[],"product_cat":[367,391,390],"product_tag":[455,457,461],"class_list":{"0":"post-5676","1":"product","2":"type-product","3":"status-publish","4":"has-post-thumbnail","6":"product_cat-minerals","7":"product_cat-neolithic-pendants-en-quartz","8":"product_cat-quartz-en","9":"product_tag-neolithic-en","10":"product_tag-pendant","11":"product_tag-quartz-en","13":"first","14":"instock","15":"shipping-taxable","16":"purchasable","17":"product-type-simple"},"yoast_head":"<!-- This site is optimized with the Yoast SEO plugin v27.4 - https:\/\/yoast.com\/product\/yoast-seo-wordpress\/ -->\n<title>Perles Anciennes - Perles N\u00e9olithiques - Kyra Mint<\/title>\n<meta name=\"description\" content=\"Depuis 2002, Kyra Mint: professionnel ou amateur, une large s\u00e9lection de perles antiques. Achetez en toute s\u00e9curit\u00e9, livraison rapide.\" \/>\n<meta name=\"robots\" content=\"index, follow, max-snippet:-1, max-image-preview:large, max-video-preview:-1\" \/>\n<link rel=\"canonical\" href=\"https:\/\/www.kyramint.com\/en\/product\/neolithic-haematoid-quartz-pendant-ppnq155\/\" \/>\n<meta property=\"og:locale\" content=\"en_US\" \/>\n<meta property=\"og:type\" content=\"article\" \/>\n<meta property=\"og:title\" content=\"Perles Anciennes - Perles N\u00e9olithiques - Kyra Mint\" \/>\n<meta property=\"og:description\" content=\"Depuis 2002, Kyra Mint: professionnel ou amateur, une large s\u00e9lection de perles antiques. Achetez en toute s\u00e9curit\u00e9, livraison rapide.\" \/>\n<meta property=\"og:url\" content=\"https:\/\/www.kyramint.com\/en\/product\/neolithic-haematoid-quartz-pendant-ppnq155\/\" \/>\n<meta property=\"og:site_name\" content=\"Kyra Mint\" \/>\n<meta property=\"article:modified_time\" content=\"2020-11-09T17:40:03+00:00\" \/>\n<meta property=\"og:image\" content=\"https:\/\/www.kyramint.com\/wp-content\/uploads\/2018\/02\/pendentif-n\u00e9olithique-neolithic-pendant-ppnq155-_02.jpg\" \/>\n\t<meta property=\"og:image:width\" content=\"1600\" \/>\n\t<meta property=\"og:image:height\" content=\"1600\" \/>\n\t<meta property=\"og:image:type\" content=\"image\/jpeg\" \/>\n<meta name=\"twitter:card\" content=\"summary_large_image\" \/>\n<script type=\"application\/ld+json\" class=\"yoast-schema-graph\">{\"@context\":\"https:\\\/\\\/schema.org\",\"@graph\":[{\"@type\":\"WebPage\",\"@id\":\"https:\\\/\\\/www.kyramint.com\\\/en\\\/product\\\/neolithic-haematoid-quartz-pendant-ppnq155\\\/\",\"url\":\"https:\\\/\\\/www.kyramint.com\\\/en\\\/product\\\/neolithic-haematoid-quartz-pendant-ppnq155\\\/\",\"name\":\"Perles Anciennes - Perles N\u00e9olithiques - Kyra Mint\",\"isPartOf\":{\"@id\":\"https:\\\/\\\/www.kyramint.com\\\/en\\\/#website\"},\"primaryImageOfPage\":{\"@id\":\"https:\\\/\\\/www.kyramint.com\\\/en\\\/product\\\/neolithic-haematoid-quartz-pendant-ppnq155\\\/#primaryimage\"},\"image\":{\"@id\":\"https:\\\/\\\/www.kyramint.com\\\/en\\\/product\\\/neolithic-haematoid-quartz-pendant-ppnq155\\\/#primaryimage\"},\"thumbnailUrl\":\"https:\\\/\\\/www.kyramint.com\\\/wp-content\\\/uploads\\\/2018\\\/02\\\/pendentif-n\u00e9olithique-neolithic-pendant-ppnq155-_02.jpg\",\"datePublished\":\"2018-02-17T12:22:15+00:00\",\"dateModified\":\"2020-11-09T17:40:03+00:00\",\"description\":\"Depuis 2002, Kyra Mint: professionnel ou amateur, une large s\u00e9lection de perles antiques. Achetez en toute s\u00e9curit\u00e9, livraison rapide.\",\"breadcrumb\":{\"@id\":\"https:\\\/\\\/www.kyramint.com\\\/en\\\/product\\\/neolithic-haematoid-quartz-pendant-ppnq155\\\/#breadcrumb\"},\"inLanguage\":\"en-US\",\"potentialAction\":[{\"@type\":\"ReadAction\",\"target\":[\"https:\\\/\\\/www.kyramint.com\\\/en\\\/product\\\/neolithic-haematoid-quartz-pendant-ppnq155\\\/\"]}]},{\"@type\":\"ImageObject\",\"inLanguage\":\"en-US\",\"@id\":\"https:\\\/\\\/www.kyramint.com\\\/en\\\/product\\\/neolithic-haematoid-quartz-pendant-ppnq155\\\/#primaryimage\",\"url\":\"https:\\\/\\\/www.kyramint.com\\\/wp-content\\\/uploads\\\/2018\\\/02\\\/pendentif-n\u00e9olithique-neolithic-pendant-ppnq155-_02.jpg\",\"contentUrl\":\"https:\\\/\\\/www.kyramint.com\\\/wp-content\\\/uploads\\\/2018\\\/02\\\/pendentif-n\u00e9olithique-neolithic-pendant-ppnq155-_02.jpg\",\"width\":1600,\"height\":1600},{\"@type\":\"BreadcrumbList\",\"@id\":\"https:\\\/\\\/www.kyramint.com\\\/en\\\/product\\\/neolithic-haematoid-quartz-pendant-ppnq155\\\/#breadcrumb\",\"itemListElement\":[{\"@type\":\"ListItem\",\"position\":1,\"name\":\"Accueil\",\"item\":\"https:\\\/\\\/www.kyramint.com\\\/en\\\/\"},{\"@type\":\"ListItem\",\"position\":2,\"name\":\"Shop\",\"item\":\"https:\\\/\\\/www.kyramint.com\\\/en\\\/shop-2\\\/\"},{\"@type\":\"ListItem\",\"position\":3,\"name\":\"MINERALS\",\"item\":\"https:\\\/\\\/www.kyramint.com\\\/en\\\/product-category\\\/minerals\\\/\"},{\"@type\":\"ListItem\",\"position\":4,\"name\":\"Quartz\",\"item\":\"https:\\\/\\\/www.kyramint.com\\\/en\\\/product-category\\\/minerals\\\/quartz-en\\\/\"},{\"@type\":\"ListItem\",\"position\":5,\"name\":\"Neolithic Pendants\",\"item\":\"https:\\\/\\\/www.kyramint.com\\\/en\\\/product-category\\\/minerals\\\/quartz-en\\\/neolithic-pendants-en-quartz\\\/\"},{\"@type\":\"ListItem\",\"position\":6,\"name\":\"Neolithic Haematoid Quartz Pendant (ppnq155)\"}]},{\"@type\":\"WebSite\",\"@id\":\"https:\\\/\\\/www.kyramint.com\\\/en\\\/#website\",\"url\":\"https:\\\/\\\/www.kyramint.com\\\/en\\\/\",\"name\":\"Kyra Mint\",\"description\":\"Dealer and Expert in Ancient Beads\",\"publisher\":{\"@id\":\"https:\\\/\\\/www.kyramint.com\\\/en\\\/#organization\"},\"alternateName\":\"KM\",\"potentialAction\":[{\"@type\":\"SearchAction\",\"target\":{\"@type\":\"EntryPoint\",\"urlTemplate\":\"https:\\\/\\\/www.kyramint.com\\\/en\\\/?s={search_term_string}\"},\"query-input\":{\"@type\":\"PropertyValueSpecification\",\"valueRequired\":true,\"valueName\":\"search_term_string\"}}],\"inLanguage\":\"en-US\"},{\"@type\":\"Organization\",\"@id\":\"https:\\\/\\\/www.kyramint.com\\\/en\\\/#organization\",\"name\":\"Kyra Mint\",\"alternateName\":\"KM\",\"url\":\"https:\\\/\\\/www.kyramint.com\\\/en\\\/\",\"logo\":{\"@type\":\"ImageObject\",\"inLanguage\":\"en-US\",\"@id\":\"https:\\\/\\\/www.kyramint.com\\\/en\\\/#\\\/schema\\\/logo\\\/image\\\/\",\"url\":\"https:\\\/\\\/www.kyramint.com\\\/wp-content\\\/uploads\\\/2019\\\/12\\\/Kyra-Mint-1.png\",\"contentUrl\":\"https:\\\/\\\/www.kyramint.com\\\/wp-content\\\/uploads\\\/2019\\\/12\\\/Kyra-Mint-1.png\",\"width\":1280,\"height\":320,\"caption\":\"Kyra Mint\"},\"image\":{\"@id\":\"https:\\\/\\\/www.kyramint.com\\\/en\\\/#\\\/schema\\\/logo\\\/image\\\/\"},\"sameAs\":[\"https:\\\/\\\/www.linkedin.com\\\/in\\\/kyra-mint-2106a5147\"]}]}<\/script>\n<!-- \/ Yoast SEO plugin. -->","yoast_head_json":{"title":"Perles Anciennes - Perles N\u00e9olithiques - Kyra Mint","description":"Depuis 2002, Kyra Mint: professionnel ou amateur, une large s\u00e9lection de perles antiques. Achetez en toute s\u00e9curit\u00e9, livraison rapide.","robots":{"index":"index","follow":"follow","max-snippet":"max-snippet:-1","max-image-preview":"max-image-preview:large","max-video-preview":"max-video-preview:-1"},"canonical":"https:\/\/www.kyramint.com\/en\/product\/neolithic-haematoid-quartz-pendant-ppnq155\/","og_locale":"en_US","og_type":"article","og_title":"Perles Anciennes - Perles N\u00e9olithiques - Kyra Mint","og_description":"Depuis 2002, Kyra Mint: professionnel ou amateur, une large s\u00e9lection de perles antiques. Achetez en toute s\u00e9curit\u00e9, livraison rapide.","og_url":"https:\/\/www.kyramint.com\/en\/product\/neolithic-haematoid-quartz-pendant-ppnq155\/","og_site_name":"Kyra Mint","article_modified_time":"2020-11-09T17:40:03+00:00","og_image":[{"width":1600,"height":1600,"url":"https:\/\/www.kyramint.com\/wp-content\/uploads\/2018\/02\/pendentif-n\u00e9olithique-neolithic-pendant-ppnq155-_02.jpg","type":"image\/jpeg"}],"twitter_card":"summary_large_image","schema":{"@context":"https:\/\/schema.org","@graph":[{"@type":"WebPage","@id":"https:\/\/www.kyramint.com\/en\/product\/neolithic-haematoid-quartz-pendant-ppnq155\/","url":"https:\/\/www.kyramint.com\/en\/product\/neolithic-haematoid-quartz-pendant-ppnq155\/","name":"Perles Anciennes - Perles N\u00e9olithiques - Kyra Mint","isPartOf":{"@id":"https:\/\/www.kyramint.com\/en\/#website"},"primaryImageOfPage":{"@id":"https:\/\/www.kyramint.com\/en\/product\/neolithic-haematoid-quartz-pendant-ppnq155\/#primaryimage"},"image":{"@id":"https:\/\/www.kyramint.com\/en\/product\/neolithic-haematoid-quartz-pendant-ppnq155\/#primaryimage"},"thumbnailUrl":"https:\/\/www.kyramint.com\/wp-content\/uploads\/2018\/02\/pendentif-n\u00e9olithique-neolithic-pendant-ppnq155-_02.jpg","datePublished":"2018-02-17T12:22:15+00:00","dateModified":"2020-11-09T17:40:03+00:00","description":"Depuis 2002, Kyra Mint: professionnel ou amateur, une large s\u00e9lection de perles antiques. Achetez en toute s\u00e9curit\u00e9, livraison rapide.","breadcrumb":{"@id":"https:\/\/www.kyramint.com\/en\/product\/neolithic-haematoid-quartz-pendant-ppnq155\/#breadcrumb"},"inLanguage":"en-US","potentialAction":[{"@type":"ReadAction","target":["https:\/\/www.kyramint.com\/en\/product\/neolithic-haematoid-quartz-pendant-ppnq155\/"]}]},{"@type":"ImageObject","inLanguage":"en-US","@id":"https:\/\/www.kyramint.com\/en\/product\/neolithic-haematoid-quartz-pendant-ppnq155\/#primaryimage","url":"https:\/\/www.kyramint.com\/wp-content\/uploads\/2018\/02\/pendentif-n\u00e9olithique-neolithic-pendant-ppnq155-_02.jpg","contentUrl":"https:\/\/www.kyramint.com\/wp-content\/uploads\/2018\/02\/pendentif-n\u00e9olithique-neolithic-pendant-ppnq155-_02.jpg","width":1600,"height":1600},{"@type":"BreadcrumbList","@id":"https:\/\/www.kyramint.com\/en\/product\/neolithic-haematoid-quartz-pendant-ppnq155\/#breadcrumb","itemListElement":[{"@type":"ListItem","position":1,"name":"Accueil","item":"https:\/\/www.kyramint.com\/en\/"},{"@type":"ListItem","position":2,"name":"Shop","item":"https:\/\/www.kyramint.com\/en\/shop-2\/"},{"@type":"ListItem","position":3,"name":"MINERALS","item":"https:\/\/www.kyramint.com\/en\/product-category\/minerals\/"},{"@type":"ListItem","position":4,"name":"Quartz","item":"https:\/\/www.kyramint.com\/en\/product-category\/minerals\/quartz-en\/"},{"@type":"ListItem","position":5,"name":"Neolithic Pendants","item":"https:\/\/www.kyramint.com\/en\/product-category\/minerals\/quartz-en\/neolithic-pendants-en-quartz\/"},{"@type":"ListItem","position":6,"name":"Neolithic Haematoid Quartz Pendant (ppnq155)"}]},{"@type":"WebSite","@id":"https:\/\/www.kyramint.com\/en\/#website","url":"https:\/\/www.kyramint.com\/en\/","name":"Kyra Mint","description":"Dealer and Expert in Ancient Beads","publisher":{"@id":"https:\/\/www.kyramint.com\/en\/#organization"},"alternateName":"KM","potentialAction":[{"@type":"SearchAction","target":{"@type":"EntryPoint","urlTemplate":"https:\/\/www.kyramint.com\/en\/?s={search_term_string}"},"query-input":{"@type":"PropertyValueSpecification","valueRequired":true,"valueName":"search_term_string"}}],"inLanguage":"en-US"},{"@type":"Organization","@id":"https:\/\/www.kyramint.com\/en\/#organization","name":"Kyra Mint","alternateName":"KM","url":"https:\/\/www.kyramint.com\/en\/","logo":{"@type":"ImageObject","inLanguage":"en-US","@id":"https:\/\/www.kyramint.com\/en\/#\/schema\/logo\/image\/","url":"https:\/\/www.kyramint.com\/wp-content\/uploads\/2019\/12\/Kyra-Mint-1.png","contentUrl":"https:\/\/www.kyramint.com\/wp-content\/uploads\/2019\/12\/Kyra-Mint-1.png","width":1280,"height":320,"caption":"Kyra Mint"},"image":{"@id":"https:\/\/www.kyramint.com\/en\/#\/schema\/logo\/image\/"},"sameAs":["https:\/\/www.linkedin.com\/in\/kyra-mint-2106a5147"]}]}},"_links":{"self":[{"href":"https:\/\/www.kyramint.com\/en\/wp-json\/wp\/v2\/product\/5676","targetHints":{"allow":["GET"]}}],"collection":[{"href":"https:\/\/www.kyramint.com\/en\/wp-json\/wp\/v2\/product"}],"about":[{"href":"https:\/\/www.kyramint.com\/en\/wp-json\/wp\/v2\/types\/product"}],"wp:featuredmedia":[{"embeddable":true,"href":"https:\/\/www.kyramint.com\/en\/wp-json\/wp\/v2\/media\/5675"}],"wp:attachment":[{"href":"https:\/\/www.kyramint.com\/en\/wp-json\/wp\/v2\/media?parent=5676"}],"wp:term":[{"taxonomy":"product_brand","embeddable":true,"href":"https:\/\/www.kyramint.com\/en\/wp-json\/wp\/v2\/product_brand?post=5676"},{"taxonomy":"product_cat","embeddable":true,"href":"https:\/\/www.kyramint.com\/en\/wp-json\/wp\/v2\/product_cat?post=5676"},{"taxonomy":"product_tag","embeddable":true,"href":"https:\/\/www.kyramint.com\/en\/wp-json\/wp\/v2\/product_tag?post=5676"}],"curies":[{"name":"wp","href":"https:\/\/api.w.org\/{rel}","templated":true}]}}