{"id":4700,"date":"2017-09-21T19:18:18","date_gmt":"2017-09-21T19:18:18","guid":{"rendered":"https:\/\/www.kyramint.com\/product\/neolithic-marly-chalk-pendant-tichitt35\/"},"modified":"2017-12-16T19:13:20","modified_gmt":"2017-12-16T19:13:20","slug":"neolithic-sedimentary-marly-chalk-pendant-tichitt35","status":"publish","type":"product","link":"https:\/\/www.kyramint.com\/en\/product\/neolithic-sedimentary-marly-chalk-pendant-tichitt35\/","title":{"rendered":"Neolithic Sedimentary Marly Chalk Pendant (tichitt35)"},"content":{"rendered":"<table width=\"220\">\n<tbody>\n<tr>\n<td width=\"220\">Sedimentary Marly Chalk Pendant<\/td>\n<\/tr>\n<tr>\n<td>Neolithic (-6000 to -1000)<\/td>\n<\/tr>\n<tr>\n<td>Tichitt (Mauritania)<\/td>\n<\/tr>\n<tr>\n<td>w: 1g<\/td>\n<\/tr>\n<tr>\n<td>h: 24mm<\/td>\n<\/tr>\n<tr>\n<td>t: 4mm<\/td>\n<\/tr>\n<tr>\n<td>l: 10,7mm<\/td>\n<\/tr>\n<tr>\n<td>\u00f8 hole:3mm<\/td>\n<\/tr>\n<\/tbody>\n<\/table>\n","protected":false},"excerpt":{"rendered":"<p>Sedimentary Marly Chalk Pendant Neolithic (-6000 to -1000) Tichitt (Mauritania) w: 1g h: 24mm t: 4mm l: 10,7mm \u00f8 hole:3mm<\/p>\n","protected":false},"featured_media":4528,"template":"","meta":[],"product_brand":[],"product_cat":[416,422],"product_tag":[455,457,465,467],"class_list":{"0":"post-4700","1":"product","2":"type-product","3":"status-publish","4":"has-post-thumbnail","6":"product_cat-specialties","7":"product_cat-tichitt-en","8":"product_tag-neolithic-en","9":"product_tag-pendant","10":"product_tag-sedimentary","11":"product_tag-tichitt-en","13":"first","14":"instock","15":"sold-individually","16":"shipping-taxable","17":"purchasable","18":"product-type-simple"},"yoast_head":"<!-- This site is optimized with the Yoast SEO plugin v27.5 - https:\/\/yoast.com\/product\/yoast-seo-wordpress\/ -->\n<title>Perles Anciennes - Perles N\u00e9olithiques - Kyra Mint<\/title>\n<meta name=\"description\" content=\"Depuis 2002, Kyra Mint: professionnel ou amateur, une large s\u00e9lection de perles antiques. Achetez en toute s\u00e9curit\u00e9, livraison rapide.\" \/>\n<meta name=\"robots\" content=\"index, follow, max-snippet:-1, max-image-preview:large, max-video-preview:-1\" \/>\n<link rel=\"canonical\" href=\"https:\/\/www.kyramint.com\/en\/product\/neolithic-sedimentary-marly-chalk-pendant-tichitt35\/\" \/>\n<meta property=\"og:locale\" content=\"en_US\" \/>\n<meta property=\"og:type\" content=\"article\" \/>\n<meta property=\"og:title\" content=\"Perles Anciennes - Perles N\u00e9olithiques - Kyra Mint\" \/>\n<meta property=\"og:description\" content=\"Depuis 2002, Kyra Mint: professionnel ou amateur, une large s\u00e9lection de perles antiques. Achetez en toute s\u00e9curit\u00e9, livraison rapide.\" \/>\n<meta property=\"og:url\" content=\"https:\/\/www.kyramint.com\/en\/product\/neolithic-sedimentary-marly-chalk-pendant-tichitt35\/\" \/>\n<meta property=\"og:site_name\" content=\"Kyra Mint\" \/>\n<meta property=\"article:modified_time\" content=\"2017-12-16T19:13:20+00:00\" \/>\n<meta property=\"og:image\" content=\"https:\/\/www.kyramint.com\/wp-content\/uploads\/2017\/09\/pendentif-n\u00e9olithique-tichitt35-192.jpg\" \/>\n\t<meta property=\"og:image:width\" content=\"1210\" \/>\n\t<meta property=\"og:image:height\" content=\"1210\" \/>\n\t<meta property=\"og:image:type\" content=\"image\/jpeg\" \/>\n<meta name=\"twitter:card\" content=\"summary_large_image\" \/>\n<script type=\"application\/ld+json\" class=\"yoast-schema-graph\">{\"@context\":\"https:\\\/\\\/schema.org\",\"@graph\":[{\"@type\":\"WebPage\",\"@id\":\"https:\\\/\\\/www.kyramint.com\\\/en\\\/product\\\/neolithic-sedimentary-marly-chalk-pendant-tichitt35\\\/\",\"url\":\"https:\\\/\\\/www.kyramint.com\\\/en\\\/product\\\/neolithic-sedimentary-marly-chalk-pendant-tichitt35\\\/\",\"name\":\"Perles Anciennes - Perles N\u00e9olithiques - Kyra Mint\",\"isPartOf\":{\"@id\":\"https:\\\/\\\/www.kyramint.com\\\/en\\\/#website\"},\"primaryImageOfPage\":{\"@id\":\"https:\\\/\\\/www.kyramint.com\\\/en\\\/product\\\/neolithic-sedimentary-marly-chalk-pendant-tichitt35\\\/#primaryimage\"},\"image\":{\"@id\":\"https:\\\/\\\/www.kyramint.com\\\/en\\\/product\\\/neolithic-sedimentary-marly-chalk-pendant-tichitt35\\\/#primaryimage\"},\"thumbnailUrl\":\"https:\\\/\\\/www.kyramint.com\\\/wp-content\\\/uploads\\\/2017\\\/09\\\/pendentif-n\u00e9olithique-tichitt35-192.jpg\",\"datePublished\":\"2017-09-21T19:18:18+00:00\",\"dateModified\":\"2017-12-16T19:13:20+00:00\",\"description\":\"Depuis 2002, Kyra Mint: professionnel ou amateur, une large s\u00e9lection de perles antiques. Achetez en toute s\u00e9curit\u00e9, livraison rapide.\",\"breadcrumb\":{\"@id\":\"https:\\\/\\\/www.kyramint.com\\\/en\\\/product\\\/neolithic-sedimentary-marly-chalk-pendant-tichitt35\\\/#breadcrumb\"},\"inLanguage\":\"en-US\",\"potentialAction\":[{\"@type\":\"ReadAction\",\"target\":[\"https:\\\/\\\/www.kyramint.com\\\/en\\\/product\\\/neolithic-sedimentary-marly-chalk-pendant-tichitt35\\\/\"]}]},{\"@type\":\"ImageObject\",\"inLanguage\":\"en-US\",\"@id\":\"https:\\\/\\\/www.kyramint.com\\\/en\\\/product\\\/neolithic-sedimentary-marly-chalk-pendant-tichitt35\\\/#primaryimage\",\"url\":\"https:\\\/\\\/www.kyramint.com\\\/wp-content\\\/uploads\\\/2017\\\/09\\\/pendentif-n\u00e9olithique-tichitt35-192.jpg\",\"contentUrl\":\"https:\\\/\\\/www.kyramint.com\\\/wp-content\\\/uploads\\\/2017\\\/09\\\/pendentif-n\u00e9olithique-tichitt35-192.jpg\",\"width\":1210,\"height\":1210},{\"@type\":\"BreadcrumbList\",\"@id\":\"https:\\\/\\\/www.kyramint.com\\\/en\\\/product\\\/neolithic-sedimentary-marly-chalk-pendant-tichitt35\\\/#breadcrumb\",\"itemListElement\":[{\"@type\":\"ListItem\",\"position\":1,\"name\":\"Accueil\",\"item\":\"https:\\\/\\\/www.kyramint.com\\\/en\\\/\"},{\"@type\":\"ListItem\",\"position\":2,\"name\":\"Shop\",\"item\":\"https:\\\/\\\/www.kyramint.com\\\/en\\\/shop-2\\\/\"},{\"@type\":\"ListItem\",\"position\":3,\"name\":\"SPECIALTIES\",\"item\":\"https:\\\/\\\/www.kyramint.com\\\/en\\\/product-category\\\/specialties\\\/\"},{\"@type\":\"ListItem\",\"position\":4,\"name\":\"Tichitt\",\"item\":\"https:\\\/\\\/www.kyramint.com\\\/en\\\/product-category\\\/specialties\\\/tichitt-en\\\/\"},{\"@type\":\"ListItem\",\"position\":5,\"name\":\"Neolithic Sedimentary Marly Chalk Pendant (tichitt35)\"}]},{\"@type\":\"WebSite\",\"@id\":\"https:\\\/\\\/www.kyramint.com\\\/en\\\/#website\",\"url\":\"https:\\\/\\\/www.kyramint.com\\\/en\\\/\",\"name\":\"Kyra Mint\",\"description\":\"Dealer and Expert in Ancient Beads\",\"publisher\":{\"@id\":\"https:\\\/\\\/www.kyramint.com\\\/en\\\/#organization\"},\"alternateName\":\"KM\",\"potentialAction\":[{\"@type\":\"SearchAction\",\"target\":{\"@type\":\"EntryPoint\",\"urlTemplate\":\"https:\\\/\\\/www.kyramint.com\\\/en\\\/?s={search_term_string}\"},\"query-input\":{\"@type\":\"PropertyValueSpecification\",\"valueRequired\":true,\"valueName\":\"search_term_string\"}}],\"inLanguage\":\"en-US\"},{\"@type\":\"Organization\",\"@id\":\"https:\\\/\\\/www.kyramint.com\\\/en\\\/#organization\",\"name\":\"Kyra Mint\",\"alternateName\":\"KM\",\"url\":\"https:\\\/\\\/www.kyramint.com\\\/en\\\/\",\"logo\":{\"@type\":\"ImageObject\",\"inLanguage\":\"en-US\",\"@id\":\"https:\\\/\\\/www.kyramint.com\\\/en\\\/#\\\/schema\\\/logo\\\/image\\\/\",\"url\":\"https:\\\/\\\/www.kyramint.com\\\/wp-content\\\/uploads\\\/2019\\\/12\\\/Kyra-Mint-1.png\",\"contentUrl\":\"https:\\\/\\\/www.kyramint.com\\\/wp-content\\\/uploads\\\/2019\\\/12\\\/Kyra-Mint-1.png\",\"width\":1280,\"height\":320,\"caption\":\"Kyra Mint\"},\"image\":{\"@id\":\"https:\\\/\\\/www.kyramint.com\\\/en\\\/#\\\/schema\\\/logo\\\/image\\\/\"},\"sameAs\":[\"https:\\\/\\\/www.linkedin.com\\\/in\\\/kyra-mint-2106a5147\"]}]}<\/script>\n<!-- \/ Yoast SEO plugin. -->","yoast_head_json":{"title":"Perles Anciennes - Perles N\u00e9olithiques - Kyra Mint","description":"Depuis 2002, Kyra Mint: professionnel ou amateur, une large s\u00e9lection de perles antiques. Achetez en toute s\u00e9curit\u00e9, livraison rapide.","robots":{"index":"index","follow":"follow","max-snippet":"max-snippet:-1","max-image-preview":"max-image-preview:large","max-video-preview":"max-video-preview:-1"},"canonical":"https:\/\/www.kyramint.com\/en\/product\/neolithic-sedimentary-marly-chalk-pendant-tichitt35\/","og_locale":"en_US","og_type":"article","og_title":"Perles Anciennes - Perles N\u00e9olithiques - Kyra Mint","og_description":"Depuis 2002, Kyra Mint: professionnel ou amateur, une large s\u00e9lection de perles antiques. Achetez en toute s\u00e9curit\u00e9, livraison rapide.","og_url":"https:\/\/www.kyramint.com\/en\/product\/neolithic-sedimentary-marly-chalk-pendant-tichitt35\/","og_site_name":"Kyra Mint","article_modified_time":"2017-12-16T19:13:20+00:00","og_image":[{"width":1210,"height":1210,"url":"https:\/\/www.kyramint.com\/wp-content\/uploads\/2017\/09\/pendentif-n\u00e9olithique-tichitt35-192.jpg","type":"image\/jpeg"}],"twitter_card":"summary_large_image","schema":{"@context":"https:\/\/schema.org","@graph":[{"@type":"WebPage","@id":"https:\/\/www.kyramint.com\/en\/product\/neolithic-sedimentary-marly-chalk-pendant-tichitt35\/","url":"https:\/\/www.kyramint.com\/en\/product\/neolithic-sedimentary-marly-chalk-pendant-tichitt35\/","name":"Perles Anciennes - Perles N\u00e9olithiques - Kyra Mint","isPartOf":{"@id":"https:\/\/www.kyramint.com\/en\/#website"},"primaryImageOfPage":{"@id":"https:\/\/www.kyramint.com\/en\/product\/neolithic-sedimentary-marly-chalk-pendant-tichitt35\/#primaryimage"},"image":{"@id":"https:\/\/www.kyramint.com\/en\/product\/neolithic-sedimentary-marly-chalk-pendant-tichitt35\/#primaryimage"},"thumbnailUrl":"https:\/\/www.kyramint.com\/wp-content\/uploads\/2017\/09\/pendentif-n\u00e9olithique-tichitt35-192.jpg","datePublished":"2017-09-21T19:18:18+00:00","dateModified":"2017-12-16T19:13:20+00:00","description":"Depuis 2002, Kyra Mint: professionnel ou amateur, une large s\u00e9lection de perles antiques. Achetez en toute s\u00e9curit\u00e9, livraison rapide.","breadcrumb":{"@id":"https:\/\/www.kyramint.com\/en\/product\/neolithic-sedimentary-marly-chalk-pendant-tichitt35\/#breadcrumb"},"inLanguage":"en-US","potentialAction":[{"@type":"ReadAction","target":["https:\/\/www.kyramint.com\/en\/product\/neolithic-sedimentary-marly-chalk-pendant-tichitt35\/"]}]},{"@type":"ImageObject","inLanguage":"en-US","@id":"https:\/\/www.kyramint.com\/en\/product\/neolithic-sedimentary-marly-chalk-pendant-tichitt35\/#primaryimage","url":"https:\/\/www.kyramint.com\/wp-content\/uploads\/2017\/09\/pendentif-n\u00e9olithique-tichitt35-192.jpg","contentUrl":"https:\/\/www.kyramint.com\/wp-content\/uploads\/2017\/09\/pendentif-n\u00e9olithique-tichitt35-192.jpg","width":1210,"height":1210},{"@type":"BreadcrumbList","@id":"https:\/\/www.kyramint.com\/en\/product\/neolithic-sedimentary-marly-chalk-pendant-tichitt35\/#breadcrumb","itemListElement":[{"@type":"ListItem","position":1,"name":"Accueil","item":"https:\/\/www.kyramint.com\/en\/"},{"@type":"ListItem","position":2,"name":"Shop","item":"https:\/\/www.kyramint.com\/en\/shop-2\/"},{"@type":"ListItem","position":3,"name":"SPECIALTIES","item":"https:\/\/www.kyramint.com\/en\/product-category\/specialties\/"},{"@type":"ListItem","position":4,"name":"Tichitt","item":"https:\/\/www.kyramint.com\/en\/product-category\/specialties\/tichitt-en\/"},{"@type":"ListItem","position":5,"name":"Neolithic Sedimentary Marly Chalk Pendant (tichitt35)"}]},{"@type":"WebSite","@id":"https:\/\/www.kyramint.com\/en\/#website","url":"https:\/\/www.kyramint.com\/en\/","name":"Kyra Mint","description":"Dealer and Expert in Ancient Beads","publisher":{"@id":"https:\/\/www.kyramint.com\/en\/#organization"},"alternateName":"KM","potentialAction":[{"@type":"SearchAction","target":{"@type":"EntryPoint","urlTemplate":"https:\/\/www.kyramint.com\/en\/?s={search_term_string}"},"query-input":{"@type":"PropertyValueSpecification","valueRequired":true,"valueName":"search_term_string"}}],"inLanguage":"en-US"},{"@type":"Organization","@id":"https:\/\/www.kyramint.com\/en\/#organization","name":"Kyra Mint","alternateName":"KM","url":"https:\/\/www.kyramint.com\/en\/","logo":{"@type":"ImageObject","inLanguage":"en-US","@id":"https:\/\/www.kyramint.com\/en\/#\/schema\/logo\/image\/","url":"https:\/\/www.kyramint.com\/wp-content\/uploads\/2019\/12\/Kyra-Mint-1.png","contentUrl":"https:\/\/www.kyramint.com\/wp-content\/uploads\/2019\/12\/Kyra-Mint-1.png","width":1280,"height":320,"caption":"Kyra Mint"},"image":{"@id":"https:\/\/www.kyramint.com\/en\/#\/schema\/logo\/image\/"},"sameAs":["https:\/\/www.linkedin.com\/in\/kyra-mint-2106a5147"]}]}},"_links":{"self":[{"href":"https:\/\/www.kyramint.com\/en\/wp-json\/wp\/v2\/product\/4700","targetHints":{"allow":["GET"]}}],"collection":[{"href":"https:\/\/www.kyramint.com\/en\/wp-json\/wp\/v2\/product"}],"about":[{"href":"https:\/\/www.kyramint.com\/en\/wp-json\/wp\/v2\/types\/product"}],"wp:featuredmedia":[{"embeddable":true,"href":"https:\/\/www.kyramint.com\/en\/wp-json\/wp\/v2\/media\/4528"}],"wp:attachment":[{"href":"https:\/\/www.kyramint.com\/en\/wp-json\/wp\/v2\/media?parent=4700"}],"wp:term":[{"taxonomy":"product_brand","embeddable":true,"href":"https:\/\/www.kyramint.com\/en\/wp-json\/wp\/v2\/product_brand?post=4700"},{"taxonomy":"product_cat","embeddable":true,"href":"https:\/\/www.kyramint.com\/en\/wp-json\/wp\/v2\/product_cat?post=4700"},{"taxonomy":"product_tag","embeddable":true,"href":"https:\/\/www.kyramint.com\/en\/wp-json\/wp\/v2\/product_tag?post=4700"}],"curies":[{"name":"wp","href":"https:\/\/api.w.org\/{rel}","templated":true}]}}