{"id":14993,"date":"2023-09-25T09:51:17","date_gmt":"2023-09-25T09:51:17","guid":{"rendered":"https:\/\/www.kyramint.com\/?post_type=product&#038;p=14993"},"modified":"2023-09-25T09:59:46","modified_gmt":"2023-09-25T09:59:46","slug":"neolithic-amazonite-bead-mipnam295","status":"publish","type":"product","link":"https:\/\/www.kyramint.com\/en\/product\/neolithic-amazonite-bead-mipnam295\/","title":{"rendered":"Neolithic Amazonite\u00a0Bead (mipnam295)"},"content":{"rendered":"<table width=\"258\">\n<tbody>\n<tr>\n<td width=\"258\">Amazonite Bead<\/td>\n<\/tr>\n<tr>\n<td>(Mauritania)<\/td>\n<\/tr>\n<tr>\n<td>Neolithic (-6000 to -1000)<\/td>\n<\/tr>\n<tr>\n<td>w: 17 gr<\/td>\n<\/tr>\n<tr>\n<td>L: 22 mm<\/td>\n<\/tr>\n<tr>\n<td>\u00f8: 24 mm<\/td>\n<\/tr>\n<tr>\n<td>\u00f8 hole: 1 mm<\/td>\n<\/tr>\n<\/tbody>\n<\/table>\n","protected":false},"excerpt":{"rendered":"<p>Amazonite Bead (Mauritania) Neolithic (-6000 to -1000) w: 17 gr L: 22 mm \u00f8: 24 mm \u00f8 hole: 1 mm<\/p>\n","protected":false},"featured_media":14995,"template":"","meta":[],"product_brand":[],"product_cat":[375,367,377],"product_tag":[426,513,455],"class_list":{"0":"post-14993","1":"product","2":"type-product","3":"status-publish","4":"has-post-thumbnail","6":"product_cat-amazonite-en","7":"product_cat-minerals","8":"product_cat-neolithic-beads-en-amazonite","9":"product_tag-amazonite-en","10":"product_tag-bead-en-2","11":"product_tag-neolithic-en","13":"first","14":"instock","15":"sold-individually","16":"shipping-taxable","17":"purchasable","18":"product-type-simple"},"yoast_head":"<!-- This site is optimized with the Yoast SEO plugin v27.4 - https:\/\/yoast.com\/product\/yoast-seo-wordpress\/ -->\n<title>Perles Anciennes - Perles N\u00e9olithiques - Kyra Mint<\/title>\n<meta name=\"description\" content=\"Depuis 2002, Kyra Mint: professionnel ou amateur, une large s\u00e9lection de perles antiques. Achetez en toute s\u00e9curit\u00e9, livraison rapide.\" \/>\n<meta name=\"robots\" content=\"index, follow, max-snippet:-1, max-image-preview:large, max-video-preview:-1\" \/>\n<link rel=\"canonical\" href=\"https:\/\/www.kyramint.com\/en\/product\/neolithic-amazonite-bead-mipnam295\/\" \/>\n<meta property=\"og:locale\" content=\"en_US\" \/>\n<meta property=\"og:type\" content=\"article\" \/>\n<meta property=\"og:title\" content=\"Perles Anciennes - Perles N\u00e9olithiques - Kyra Mint\" \/>\n<meta property=\"og:description\" content=\"Depuis 2002, Kyra Mint: professionnel ou amateur, une large s\u00e9lection de perles antiques. Achetez en toute s\u00e9curit\u00e9, livraison rapide.\" \/>\n<meta property=\"og:url\" content=\"https:\/\/www.kyramint.com\/en\/product\/neolithic-amazonite-bead-mipnam295\/\" \/>\n<meta property=\"og:site_name\" content=\"Kyra Mint\" \/>\n<meta property=\"article:modified_time\" content=\"2023-09-25T09:59:46+00:00\" \/>\n<meta property=\"og:image\" content=\"https:\/\/www.kyramint.com\/wp-content\/uploads\/2023\/09\/perle-neolithique-neolithic-bead-mipnam295_5553.jpg\" \/>\n\t<meta property=\"og:image:width\" content=\"1800\" \/>\n\t<meta property=\"og:image:height\" content=\"1800\" \/>\n\t<meta property=\"og:image:type\" content=\"image\/jpeg\" \/>\n<meta name=\"twitter:card\" content=\"summary_large_image\" \/>\n<meta name=\"twitter:label1\" content=\"Est. reading time\" \/>\n\t<meta name=\"twitter:data1\" content=\"1 minute\" \/>\n<script type=\"application\/ld+json\" class=\"yoast-schema-graph\">{\"@context\":\"https:\\\/\\\/schema.org\",\"@graph\":[{\"@type\":\"WebPage\",\"@id\":\"https:\\\/\\\/www.kyramint.com\\\/en\\\/product\\\/neolithic-amazonite-bead-mipnam295\\\/\",\"url\":\"https:\\\/\\\/www.kyramint.com\\\/en\\\/product\\\/neolithic-amazonite-bead-mipnam295\\\/\",\"name\":\"Perles Anciennes - Perles N\u00e9olithiques - Kyra Mint\",\"isPartOf\":{\"@id\":\"https:\\\/\\\/www.kyramint.com\\\/en\\\/#website\"},\"primaryImageOfPage\":{\"@id\":\"https:\\\/\\\/www.kyramint.com\\\/en\\\/product\\\/neolithic-amazonite-bead-mipnam295\\\/#primaryimage\"},\"image\":{\"@id\":\"https:\\\/\\\/www.kyramint.com\\\/en\\\/product\\\/neolithic-amazonite-bead-mipnam295\\\/#primaryimage\"},\"thumbnailUrl\":\"https:\\\/\\\/www.kyramint.com\\\/wp-content\\\/uploads\\\/2023\\\/09\\\/perle-neolithique-neolithic-bead-mipnam295_5553.jpg\",\"datePublished\":\"2023-09-25T09:51:17+00:00\",\"dateModified\":\"2023-09-25T09:59:46+00:00\",\"description\":\"Depuis 2002, Kyra Mint: professionnel ou amateur, une large s\u00e9lection de perles antiques. Achetez en toute s\u00e9curit\u00e9, livraison rapide.\",\"breadcrumb\":{\"@id\":\"https:\\\/\\\/www.kyramint.com\\\/en\\\/product\\\/neolithic-amazonite-bead-mipnam295\\\/#breadcrumb\"},\"inLanguage\":\"en-US\",\"potentialAction\":[{\"@type\":\"ReadAction\",\"target\":[\"https:\\\/\\\/www.kyramint.com\\\/en\\\/product\\\/neolithic-amazonite-bead-mipnam295\\\/\"]}]},{\"@type\":\"ImageObject\",\"inLanguage\":\"en-US\",\"@id\":\"https:\\\/\\\/www.kyramint.com\\\/en\\\/product\\\/neolithic-amazonite-bead-mipnam295\\\/#primaryimage\",\"url\":\"https:\\\/\\\/www.kyramint.com\\\/wp-content\\\/uploads\\\/2023\\\/09\\\/perle-neolithique-neolithic-bead-mipnam295_5553.jpg\",\"contentUrl\":\"https:\\\/\\\/www.kyramint.com\\\/wp-content\\\/uploads\\\/2023\\\/09\\\/perle-neolithique-neolithic-bead-mipnam295_5553.jpg\",\"width\":1800,\"height\":1800},{\"@type\":\"BreadcrumbList\",\"@id\":\"https:\\\/\\\/www.kyramint.com\\\/en\\\/product\\\/neolithic-amazonite-bead-mipnam295\\\/#breadcrumb\",\"itemListElement\":[{\"@type\":\"ListItem\",\"position\":1,\"name\":\"Accueil\",\"item\":\"https:\\\/\\\/www.kyramint.com\\\/en\\\/\"},{\"@type\":\"ListItem\",\"position\":2,\"name\":\"Shop\",\"item\":\"https:\\\/\\\/www.kyramint.com\\\/en\\\/shop-2\\\/\"},{\"@type\":\"ListItem\",\"position\":3,\"name\":\"MINERALS\",\"item\":\"https:\\\/\\\/www.kyramint.com\\\/en\\\/product-category\\\/minerals\\\/\"},{\"@type\":\"ListItem\",\"position\":4,\"name\":\"Amazonite\",\"item\":\"https:\\\/\\\/www.kyramint.com\\\/en\\\/product-category\\\/minerals\\\/amazonite-en\\\/\"},{\"@type\":\"ListItem\",\"position\":5,\"name\":\"Neolithic Beads\",\"item\":\"https:\\\/\\\/www.kyramint.com\\\/en\\\/product-category\\\/minerals\\\/amazonite-en\\\/neolithic-beads-en-amazonite\\\/\"},{\"@type\":\"ListItem\",\"position\":6,\"name\":\"Neolithic Amazonite\u00a0Bead (mipnam295)\"}]},{\"@type\":\"WebSite\",\"@id\":\"https:\\\/\\\/www.kyramint.com\\\/en\\\/#website\",\"url\":\"https:\\\/\\\/www.kyramint.com\\\/en\\\/\",\"name\":\"Kyra Mint\",\"description\":\"Dealer and Expert in Ancient Beads\",\"publisher\":{\"@id\":\"https:\\\/\\\/www.kyramint.com\\\/en\\\/#organization\"},\"alternateName\":\"KM\",\"potentialAction\":[{\"@type\":\"SearchAction\",\"target\":{\"@type\":\"EntryPoint\",\"urlTemplate\":\"https:\\\/\\\/www.kyramint.com\\\/en\\\/?s={search_term_string}\"},\"query-input\":{\"@type\":\"PropertyValueSpecification\",\"valueRequired\":true,\"valueName\":\"search_term_string\"}}],\"inLanguage\":\"en-US\"},{\"@type\":\"Organization\",\"@id\":\"https:\\\/\\\/www.kyramint.com\\\/en\\\/#organization\",\"name\":\"Kyra Mint\",\"alternateName\":\"KM\",\"url\":\"https:\\\/\\\/www.kyramint.com\\\/en\\\/\",\"logo\":{\"@type\":\"ImageObject\",\"inLanguage\":\"en-US\",\"@id\":\"https:\\\/\\\/www.kyramint.com\\\/en\\\/#\\\/schema\\\/logo\\\/image\\\/\",\"url\":\"https:\\\/\\\/www.kyramint.com\\\/wp-content\\\/uploads\\\/2019\\\/12\\\/Kyra-Mint-1.png\",\"contentUrl\":\"https:\\\/\\\/www.kyramint.com\\\/wp-content\\\/uploads\\\/2019\\\/12\\\/Kyra-Mint-1.png\",\"width\":1280,\"height\":320,\"caption\":\"Kyra Mint\"},\"image\":{\"@id\":\"https:\\\/\\\/www.kyramint.com\\\/en\\\/#\\\/schema\\\/logo\\\/image\\\/\"},\"sameAs\":[\"https:\\\/\\\/www.linkedin.com\\\/in\\\/kyra-mint-2106a5147\"]}]}<\/script>\n<!-- \/ Yoast SEO plugin. -->","yoast_head_json":{"title":"Perles Anciennes - Perles N\u00e9olithiques - Kyra Mint","description":"Depuis 2002, Kyra Mint: professionnel ou amateur, une large s\u00e9lection de perles antiques. Achetez en toute s\u00e9curit\u00e9, livraison rapide.","robots":{"index":"index","follow":"follow","max-snippet":"max-snippet:-1","max-image-preview":"max-image-preview:large","max-video-preview":"max-video-preview:-1"},"canonical":"https:\/\/www.kyramint.com\/en\/product\/neolithic-amazonite-bead-mipnam295\/","og_locale":"en_US","og_type":"article","og_title":"Perles Anciennes - Perles N\u00e9olithiques - Kyra Mint","og_description":"Depuis 2002, Kyra Mint: professionnel ou amateur, une large s\u00e9lection de perles antiques. Achetez en toute s\u00e9curit\u00e9, livraison rapide.","og_url":"https:\/\/www.kyramint.com\/en\/product\/neolithic-amazonite-bead-mipnam295\/","og_site_name":"Kyra Mint","article_modified_time":"2023-09-25T09:59:46+00:00","og_image":[{"width":1800,"height":1800,"url":"https:\/\/www.kyramint.com\/wp-content\/uploads\/2023\/09\/perle-neolithique-neolithic-bead-mipnam295_5553.jpg","type":"image\/jpeg"}],"twitter_card":"summary_large_image","twitter_misc":{"Est. reading time":"1 minute"},"schema":{"@context":"https:\/\/schema.org","@graph":[{"@type":"WebPage","@id":"https:\/\/www.kyramint.com\/en\/product\/neolithic-amazonite-bead-mipnam295\/","url":"https:\/\/www.kyramint.com\/en\/product\/neolithic-amazonite-bead-mipnam295\/","name":"Perles Anciennes - Perles N\u00e9olithiques - Kyra Mint","isPartOf":{"@id":"https:\/\/www.kyramint.com\/en\/#website"},"primaryImageOfPage":{"@id":"https:\/\/www.kyramint.com\/en\/product\/neolithic-amazonite-bead-mipnam295\/#primaryimage"},"image":{"@id":"https:\/\/www.kyramint.com\/en\/product\/neolithic-amazonite-bead-mipnam295\/#primaryimage"},"thumbnailUrl":"https:\/\/www.kyramint.com\/wp-content\/uploads\/2023\/09\/perle-neolithique-neolithic-bead-mipnam295_5553.jpg","datePublished":"2023-09-25T09:51:17+00:00","dateModified":"2023-09-25T09:59:46+00:00","description":"Depuis 2002, Kyra Mint: professionnel ou amateur, une large s\u00e9lection de perles antiques. Achetez en toute s\u00e9curit\u00e9, livraison rapide.","breadcrumb":{"@id":"https:\/\/www.kyramint.com\/en\/product\/neolithic-amazonite-bead-mipnam295\/#breadcrumb"},"inLanguage":"en-US","potentialAction":[{"@type":"ReadAction","target":["https:\/\/www.kyramint.com\/en\/product\/neolithic-amazonite-bead-mipnam295\/"]}]},{"@type":"ImageObject","inLanguage":"en-US","@id":"https:\/\/www.kyramint.com\/en\/product\/neolithic-amazonite-bead-mipnam295\/#primaryimage","url":"https:\/\/www.kyramint.com\/wp-content\/uploads\/2023\/09\/perle-neolithique-neolithic-bead-mipnam295_5553.jpg","contentUrl":"https:\/\/www.kyramint.com\/wp-content\/uploads\/2023\/09\/perle-neolithique-neolithic-bead-mipnam295_5553.jpg","width":1800,"height":1800},{"@type":"BreadcrumbList","@id":"https:\/\/www.kyramint.com\/en\/product\/neolithic-amazonite-bead-mipnam295\/#breadcrumb","itemListElement":[{"@type":"ListItem","position":1,"name":"Accueil","item":"https:\/\/www.kyramint.com\/en\/"},{"@type":"ListItem","position":2,"name":"Shop","item":"https:\/\/www.kyramint.com\/en\/shop-2\/"},{"@type":"ListItem","position":3,"name":"MINERALS","item":"https:\/\/www.kyramint.com\/en\/product-category\/minerals\/"},{"@type":"ListItem","position":4,"name":"Amazonite","item":"https:\/\/www.kyramint.com\/en\/product-category\/minerals\/amazonite-en\/"},{"@type":"ListItem","position":5,"name":"Neolithic Beads","item":"https:\/\/www.kyramint.com\/en\/product-category\/minerals\/amazonite-en\/neolithic-beads-en-amazonite\/"},{"@type":"ListItem","position":6,"name":"Neolithic Amazonite\u00a0Bead (mipnam295)"}]},{"@type":"WebSite","@id":"https:\/\/www.kyramint.com\/en\/#website","url":"https:\/\/www.kyramint.com\/en\/","name":"Kyra Mint","description":"Dealer and Expert in Ancient Beads","publisher":{"@id":"https:\/\/www.kyramint.com\/en\/#organization"},"alternateName":"KM","potentialAction":[{"@type":"SearchAction","target":{"@type":"EntryPoint","urlTemplate":"https:\/\/www.kyramint.com\/en\/?s={search_term_string}"},"query-input":{"@type":"PropertyValueSpecification","valueRequired":true,"valueName":"search_term_string"}}],"inLanguage":"en-US"},{"@type":"Organization","@id":"https:\/\/www.kyramint.com\/en\/#organization","name":"Kyra Mint","alternateName":"KM","url":"https:\/\/www.kyramint.com\/en\/","logo":{"@type":"ImageObject","inLanguage":"en-US","@id":"https:\/\/www.kyramint.com\/en\/#\/schema\/logo\/image\/","url":"https:\/\/www.kyramint.com\/wp-content\/uploads\/2019\/12\/Kyra-Mint-1.png","contentUrl":"https:\/\/www.kyramint.com\/wp-content\/uploads\/2019\/12\/Kyra-Mint-1.png","width":1280,"height":320,"caption":"Kyra Mint"},"image":{"@id":"https:\/\/www.kyramint.com\/en\/#\/schema\/logo\/image\/"},"sameAs":["https:\/\/www.linkedin.com\/in\/kyra-mint-2106a5147"]}]}},"_links":{"self":[{"href":"https:\/\/www.kyramint.com\/en\/wp-json\/wp\/v2\/product\/14993","targetHints":{"allow":["GET"]}}],"collection":[{"href":"https:\/\/www.kyramint.com\/en\/wp-json\/wp\/v2\/product"}],"about":[{"href":"https:\/\/www.kyramint.com\/en\/wp-json\/wp\/v2\/types\/product"}],"wp:featuredmedia":[{"embeddable":true,"href":"https:\/\/www.kyramint.com\/en\/wp-json\/wp\/v2\/media\/14995"}],"wp:attachment":[{"href":"https:\/\/www.kyramint.com\/en\/wp-json\/wp\/v2\/media?parent=14993"}],"wp:term":[{"taxonomy":"product_brand","embeddable":true,"href":"https:\/\/www.kyramint.com\/en\/wp-json\/wp\/v2\/product_brand?post=14993"},{"taxonomy":"product_cat","embeddable":true,"href":"https:\/\/www.kyramint.com\/en\/wp-json\/wp\/v2\/product_cat?post=14993"},{"taxonomy":"product_tag","embeddable":true,"href":"https:\/\/www.kyramint.com\/en\/wp-json\/wp\/v2\/product_tag?post=14993"}],"curies":[{"name":"wp","href":"https:\/\/api.w.org\/{rel}","templated":true}]}}